{"id":2,"date":"2024-07-29T03:01:55","date_gmt":"2024-07-29T03:01:55","guid":{"rendered":"https:\/\/ddd.vn\/implant\/?page_id=2"},"modified":"2025-11-24T08:35:44","modified_gmt":"2025-11-24T08:35:44","slug":"trang-chu","status":"publish","type":"page","link":"https:\/\/ddd.vn\/implant\/","title":{"rendered":"Trang ch\u1ee7"},"content":{"rendered":"\t<section class=\"section banner_slide\" id=\"section_1037770183\">\n\t\t<div class=\"bg section-bg fill bg-fill  bg-loaded\" >\n\n\t\t\t\n\t\t\t\n\t\t\t\n\n\t\t<\/div>\n\n\t\t\n\n\t\t<div class=\"section-content relative\">\n\t\t\t\n<div class=\"row\"  id=\"row-645496222\">\n\n\t<div id=\"col-128461398\" class=\"col small-12 large-12\"  >\n\t\t\t\t<div class=\"col-inner\"  >\n\t\t\t\n\t\t\t\n<div class=\"slider-wrapper relative\" id=\"slider-511321918\" >\n    <div class=\"slider slider-nav-circle slider-nav-large slider-nav-light slider-style-normal\"\n        data-flickity-options='{\n            \"cellAlign\": \"center\",\n            \"imagesLoaded\": true,\n            \"lazyLoad\": 1,\n            \"freeScroll\": false,\n            \"wrapAround\": true,\n            \"autoPlay\": 4000,\n            \"pauseAutoPlayOnHover\" : true,\n            \"prevNextButtons\": true,\n            \"contain\" : true,\n            \"adaptiveHeight\" : true,\n            \"dragThreshold\" : 10,\n            \"percentPosition\": true,\n            \"pageDots\": true,\n            \"rightToLeft\": false,\n            \"draggable\": true,\n            \"selectedAttraction\": 0.1,\n            \"parallax\" : 0,\n            \"friction\": 0.6        }'\n        >\n        \n\t<div class=\"img has-hover x md-x lg-x y md-y lg-y\" id=\"image_1696549548\">\n\t\t\t\t\t\t\t\t<div class=\"img-inner dark\" >\n\t\t\t<img loading=\"lazy\" decoding=\"async\" width=\"2560\" height=\"1000\" src=\"https:\/\/ddd.vn\/implant\/wp-content\/uploads\/2025\/11\/Poster-BS-Khoa-Khoa-2-scaled.jpg\" class=\"attachment-original size-original\" alt=\"\" srcset=\"https:\/\/ddd.vn\/implant\/wp-content\/uploads\/2025\/11\/Poster-BS-Khoa-Khoa-2-scaled.jpg 2560w, https:\/\/ddd.vn\/implant\/wp-content\/uploads\/2025\/11\/Poster-BS-Khoa-Khoa-2-300x117.jpg 300w, https:\/\/ddd.vn\/implant\/wp-content\/uploads\/2025\/11\/Poster-BS-Khoa-Khoa-2-1024x400.jpg 1024w, https:\/\/ddd.vn\/implant\/wp-content\/uploads\/2025\/11\/Poster-BS-Khoa-Khoa-2-768x300.jpg 768w, https:\/\/ddd.vn\/implant\/wp-content\/uploads\/2025\/11\/Poster-BS-Khoa-Khoa-2-1536x600.jpg 1536w, https:\/\/ddd.vn\/implant\/wp-content\/uploads\/2025\/11\/Poster-BS-Khoa-Khoa-2-2048x800.jpg 2048w, https:\/\/ddd.vn\/implant\/wp-content\/uploads\/2025\/11\/Poster-BS-Khoa-Khoa-2-247x96.jpg 247w, https:\/\/ddd.vn\/implant\/wp-content\/uploads\/2025\/11\/Poster-BS-Khoa-Khoa-2-510x199.jpg 510w\" sizes=\"auto, (max-width: 2560px) 100vw, 2560px\" \/>\t\t\t\t\t\t\n\t\t\t\t\t<\/div>\n\t\t\t\t\t\t\t\t\n<style>\n#image_1696549548 {\n  width: 100%;\n}\n<\/style>\n\t<\/div>\n\t\n     <\/div>\n\n     <div class=\"loading-spin dark large centered\"><\/div>\n\n\t<\/div>\n\n\n\t\t<\/div>\n\t\t\t\t\t<\/div>\n\n\t\n<\/div>\n\t\t<\/div>\n\n\t\t\n<style>\n#section_1037770183 {\n  padding-top: 30px;\n  padding-bottom: 30px;\n}\n<\/style>\n\t<\/section>\n\t\n\n\n\n\t<section class=\"section section_prd\" id=\"section_1190050719\">\n\t\t<div class=\"bg section-bg fill bg-fill  bg-loaded\" >\n\n\t\t\t\n\t\t\t\n\t\t\t\n\n\t\t<\/div>\n\n\t\t\n\n\t\t<div class=\"section-content relative\">\n\t\t\t\n\t<div id=\"gap-2114496163\" class=\"gap-element clearfix\" style=\"display:block; height:auto;\">\n\t\t\n<style>\n#gap-2114496163 {\n  padding-top: 30px;\n}\n<\/style>\n\t<\/div>\n\t\n<div class=\"row\"  id=\"row-1783449763\">\n\n\t<div id=\"col-2041126753\" class=\"col small-12 large-12\"  data-animate=\"fadeInUp\">\n\t\t\t\t<div class=\"col-inner text-left\"  >\n\t\t\t\n\t\t\t\n<h1>KH\u00d3A H\u1eccC M\u1edaI<\/h1>\n\t\n  \n    <div class=\"row large-columns-4 medium-columns-3 small-columns-2 row-normal\" >\n  \n\t     <div class=\"product-small col has-hover product type-product post-11527 status-publish first instock product_cat-implant-can-ban has-post-thumbnail shipping-taxable purchasable product-type-simple\">\n\t<div class=\"col-inner\">\n\t\n<div class=\"badge-container absolute left top z-1\">\n\n<\/div>\n\t<div class=\"product-small box \">\n\t\t<div class=\"box-image\">\n\t\t\t<div class=\"image-zoom\">\n\t\t\t\t<a href=\"https:\/\/ddd.vn\/implant\/phuc-hoi-rang-mat-bang-implant-nha-khoa-khoa-5\/\" aria-label=\"Ph\u1ee5c h\u1ed3i r\u0103ng m\u1ea5t b\u1eb1ng Implant nha khoa - Kh\u00f3a 5\">\n\t\t\t\t\t<img loading=\"lazy\" decoding=\"async\" width=\"247\" height=\"247\" src=\"https:\/\/ddd.vn\/implant\/wp-content\/uploads\/2025\/11\/banner-bskhoa-k2-247x247.jpg\" class=\"attachment-woocommerce_thumbnail size-woocommerce_thumbnail\" alt=\"Ph\u1ee5c h\u1ed3i r\u0103ng m\u1ea5t b\u1eb1ng Implant nha khoa - Kh\u00f3a 5\" srcset=\"https:\/\/ddd.vn\/implant\/wp-content\/uploads\/2025\/11\/banner-bskhoa-k2-247x247.jpg 247w, https:\/\/ddd.vn\/implant\/wp-content\/uploads\/2025\/11\/banner-bskhoa-k2-300x300.jpg 300w, https:\/\/ddd.vn\/implant\/wp-content\/uploads\/2025\/11\/banner-bskhoa-k2-1024x1024.jpg 1024w, https:\/\/ddd.vn\/implant\/wp-content\/uploads\/2025\/11\/banner-bskhoa-k2-150x150.jpg 150w, https:\/\/ddd.vn\/implant\/wp-content\/uploads\/2025\/11\/banner-bskhoa-k2-768x768.jpg 768w, https:\/\/ddd.vn\/implant\/wp-content\/uploads\/2025\/11\/banner-bskhoa-k2-120x120.jpg 120w, https:\/\/ddd.vn\/implant\/wp-content\/uploads\/2025\/11\/banner-bskhoa-k2-510x510.jpg 510w, https:\/\/ddd.vn\/implant\/wp-content\/uploads\/2025\/11\/banner-bskhoa-k2-100x100.jpg 100w, https:\/\/ddd.vn\/implant\/wp-content\/uploads\/2025\/11\/banner-bskhoa-k2-50x50.jpg 50w, https:\/\/ddd.vn\/implant\/wp-content\/uploads\/2025\/11\/banner-bskhoa-k2.jpg 1500w\" sizes=\"auto, (max-width: 247px) 100vw, 247px\" \/>\t\t\t\t<\/a>\n\t\t\t<\/div>\n\t\t\t<div class=\"image-tools is-small top right show-on-hover\">\n\t\t\t\t\t\t\t<\/div>\n\t\t\t<div class=\"image-tools is-small hide-for-small bottom left show-on-hover\">\n             <div class=\"sp_km\"> \n\t\t\t\t\t                   <\/div>  <!-- K\u1ebf th\u00fac th\u00f4ng tin m\u00f4 t\u1ea3 s\u1ea3n ph\u1ea9m--->\n\t\t\t\t\t\t\t<\/div>\n\t\t\t<div class=\"image-tools grid-tools text-center hide-for-small bottom hover-slide-in show-on-hover\">\n\t\t\t\t<a href=\"\/implant\/wp-json\/wp\/v2\/pages\/2?add-to-cart=11527\" aria-describedby=\"woocommerce_loop_add_to_cart_link_describedby_11527\" data-quantity=\"1\" class=\"add-to-cart-grid no-padding is-transparent product_type_simple add_to_cart_button ajax_add_to_cart\" data-product_id=\"11527\" data-product_sku=\"\" aria-label=\"Th\u00eam v\u00e0o gi\u1ecf h\u00e0ng: &ldquo;Ph\u1ee5c h\u1ed3i r\u0103ng m\u1ea5t b\u1eb1ng Implant nha khoa - Kh\u00f3a 5&rdquo;\" rel=\"nofollow\" data-success_message=\"&ldquo;Ph\u1ee5c h\u1ed3i r\u0103ng m\u1ea5t b\u1eb1ng Implant nha khoa - Kh\u00f3a 5&rdquo; \u0111\u00e3 \u0111\u01b0\u1ee3c th\u00eam v\u00e0o gi\u1ecf h\u00e0ng c\u1ee7a b\u1ea1n\" role=\"button\"><div class=\"cart-icon tooltip is-small\" title=\"Th\u00eam v\u00e0o gi\u1ecf h\u00e0ng\"><strong>+<\/strong><\/div><\/a>\t<span id=\"woocommerce_loop_add_to_cart_link_describedby_11527\" class=\"screen-reader-text\">\n\t\t\t<\/span>\n\t\t\t<\/div>\n\t\t\t\t\t<\/div>\n\n\t\t<div class=\"box-text box-text-products\">\n\t\t\t<div class=\"title-wrapper\"><p class=\"name product-title woocommerce-loop-product__title\"><a href=\"https:\/\/ddd.vn\/implant\/phuc-hoi-rang-mat-bang-implant-nha-khoa-khoa-5\/\" class=\"woocommerce-LoopProduct-link woocommerce-loop-product__link\">Ph\u1ee5c h\u1ed3i r\u0103ng m\u1ea5t b\u1eb1ng Implant nha khoa &#8211; Kh\u00f3a 5<\/a><\/p><\/div>                <p class=\"ten_gv\">ThS.BS CKII. Nguy\u1ec5n V\u0103n Khoa<\/p>\t\t\t\t<div class=\"price-wrapper\"><div class=\"price_km\">\n\t<span class=\"price\"><span class=\"woocommerce-Price-amount amount\"><bdi>500.000&nbsp;<span class=\"woocommerce-Price-currencySymbol\">&#8363;<\/span><\/bdi><\/span><\/span>\n<\/div><div class=\"bt_muahang\">                \t<!--<a href=\"https:\/\/ddd.vn\/implant\/phuc-hoi-rang-mat-bang-implant-nha-khoa-khoa-5\/\" aria-label=\"Ph\u1ee5c h\u1ed3i r\u0103ng m\u1ea5t b\u1eb1ng Implant nha khoa - Kh\u00f3a 5\">Mua ngay<\/a>-->\n\t\t\t\t<\/div><\/div>\t\t\t\t<div class=\"mt_sp\">\n                <table> \n\t\t\t\t\t\t\t\t\t\t\t\t<tr><td class=\"time_gd\">27\/11\/2025<\/td>\n                         \t\t\t\t\t\t\t<td  class=\"time_tgh\">08:00 - 16:30<\/td><\/tr>\n                                             <\/table>\n                   <\/div>  <!-- K\u1ebf th\u00fac th\u00f4ng tin m\u00f4 t\u1ea3 s\u1ea3n ph\u1ea9m--->\n\n\t\t\t\t\t\t<\/div>\n\t<\/div>\n\t\t<\/div>\n<\/div><div class=\"product-small col has-hover product type-product post-11523 status-publish instock product_cat-implant-can-ban has-post-thumbnail shipping-taxable purchasable product-type-simple\">\n\t<div class=\"col-inner\">\n\t\n<div class=\"badge-container absolute left top z-1\">\n\n<\/div>\n\t<div class=\"product-small box \">\n\t\t<div class=\"box-image\">\n\t\t\t<div class=\"image-zoom\">\n\t\t\t\t<a href=\"https:\/\/ddd.vn\/implant\/phuc-hoi-rang-mat-bang-implant-nha-khoa-khoa-4\/\" aria-label=\"Ph\u1ee5c h\u1ed3i r\u0103ng m\u1ea5t b\u1eb1ng Implant nha khoa - Kh\u00f3a 4\">\n\t\t\t\t\t<img loading=\"lazy\" decoding=\"async\" width=\"247\" height=\"247\" src=\"https:\/\/ddd.vn\/implant\/wp-content\/uploads\/2025\/11\/banner-bskhoa-k2-247x247.jpg\" class=\"attachment-woocommerce_thumbnail size-woocommerce_thumbnail\" alt=\"Ph\u1ee5c h\u1ed3i r\u0103ng m\u1ea5t b\u1eb1ng Implant nha khoa - Kh\u00f3a 4\" srcset=\"https:\/\/ddd.vn\/implant\/wp-content\/uploads\/2025\/11\/banner-bskhoa-k2-247x247.jpg 247w, https:\/\/ddd.vn\/implant\/wp-content\/uploads\/2025\/11\/banner-bskhoa-k2-300x300.jpg 300w, https:\/\/ddd.vn\/implant\/wp-content\/uploads\/2025\/11\/banner-bskhoa-k2-1024x1024.jpg 1024w, https:\/\/ddd.vn\/implant\/wp-content\/uploads\/2025\/11\/banner-bskhoa-k2-150x150.jpg 150w, https:\/\/ddd.vn\/implant\/wp-content\/uploads\/2025\/11\/banner-bskhoa-k2-768x768.jpg 768w, https:\/\/ddd.vn\/implant\/wp-content\/uploads\/2025\/11\/banner-bskhoa-k2-120x120.jpg 120w, https:\/\/ddd.vn\/implant\/wp-content\/uploads\/2025\/11\/banner-bskhoa-k2-510x510.jpg 510w, https:\/\/ddd.vn\/implant\/wp-content\/uploads\/2025\/11\/banner-bskhoa-k2-100x100.jpg 100w, https:\/\/ddd.vn\/implant\/wp-content\/uploads\/2025\/11\/banner-bskhoa-k2-50x50.jpg 50w, https:\/\/ddd.vn\/implant\/wp-content\/uploads\/2025\/11\/banner-bskhoa-k2.jpg 1500w\" sizes=\"auto, (max-width: 247px) 100vw, 247px\" \/>\t\t\t\t<\/a>\n\t\t\t<\/div>\n\t\t\t<div class=\"image-tools is-small top right show-on-hover\">\n\t\t\t\t\t\t\t<\/div>\n\t\t\t<div class=\"image-tools is-small hide-for-small bottom left show-on-hover\">\n             <div class=\"sp_km\"> \n\t\t\t\t\t                   <\/div>  <!-- K\u1ebf th\u00fac th\u00f4ng tin m\u00f4 t\u1ea3 s\u1ea3n ph\u1ea9m--->\n\t\t\t\t\t\t\t<\/div>\n\t\t\t<div class=\"image-tools grid-tools text-center hide-for-small bottom hover-slide-in show-on-hover\">\n\t\t\t\t<a href=\"\/implant\/wp-json\/wp\/v2\/pages\/2?add-to-cart=11523\" aria-describedby=\"woocommerce_loop_add_to_cart_link_describedby_11523\" data-quantity=\"1\" class=\"add-to-cart-grid no-padding is-transparent product_type_simple add_to_cart_button ajax_add_to_cart\" data-product_id=\"11523\" data-product_sku=\"\" aria-label=\"Th\u00eam v\u00e0o gi\u1ecf h\u00e0ng: &ldquo;Ph\u1ee5c h\u1ed3i r\u0103ng m\u1ea5t b\u1eb1ng Implant nha khoa - Kh\u00f3a 4&rdquo;\" rel=\"nofollow\" data-success_message=\"&ldquo;Ph\u1ee5c h\u1ed3i r\u0103ng m\u1ea5t b\u1eb1ng Implant nha khoa - Kh\u00f3a 4&rdquo; \u0111\u00e3 \u0111\u01b0\u1ee3c th\u00eam v\u00e0o gi\u1ecf h\u00e0ng c\u1ee7a b\u1ea1n\" role=\"button\"><div class=\"cart-icon tooltip is-small\" title=\"Th\u00eam v\u00e0o gi\u1ecf h\u00e0ng\"><strong>+<\/strong><\/div><\/a>\t<span id=\"woocommerce_loop_add_to_cart_link_describedby_11523\" class=\"screen-reader-text\">\n\t\t\t<\/span>\n\t\t\t<\/div>\n\t\t\t\t\t<\/div>\n\n\t\t<div class=\"box-text box-text-products\">\n\t\t\t<div class=\"title-wrapper\"><p class=\"name product-title woocommerce-loop-product__title\"><a href=\"https:\/\/ddd.vn\/implant\/phuc-hoi-rang-mat-bang-implant-nha-khoa-khoa-4\/\" class=\"woocommerce-LoopProduct-link woocommerce-loop-product__link\">Ph\u1ee5c h\u1ed3i r\u0103ng m\u1ea5t b\u1eb1ng Implant nha khoa &#8211; Kh\u00f3a 4<\/a><\/p><\/div>                <p class=\"ten_gv\">ThS.BS CKII. Nguy\u1ec5n V\u0103n Khoa<\/p>\t\t\t\t<div class=\"price-wrapper\"><div class=\"price_km\">\n\t<span class=\"price\"><span class=\"woocommerce-Price-amount amount\"><bdi>500.000&nbsp;<span class=\"woocommerce-Price-currencySymbol\">&#8363;<\/span><\/bdi><\/span><\/span>\n<\/div><div class=\"bt_muahang\">                \t<!--<a href=\"https:\/\/ddd.vn\/implant\/phuc-hoi-rang-mat-bang-implant-nha-khoa-khoa-4\/\" aria-label=\"Ph\u1ee5c h\u1ed3i r\u0103ng m\u1ea5t b\u1eb1ng Implant nha khoa - Kh\u00f3a 4\">Mua ngay<\/a>-->\n\t\t\t\t<\/div><\/div>\t\t\t\t<div class=\"mt_sp\">\n                <table> \n\t\t\t\t\t\t\t\t\t\t\t\t<tr><td class=\"time_gd\">27\/11\/2025<\/td>\n                         \t\t\t\t\t\t\t<td  class=\"time_tgh\">08:00 - 16:30<\/td><\/tr>\n                                             <\/table>\n                   <\/div>  <!-- K\u1ebf th\u00fac th\u00f4ng tin m\u00f4 t\u1ea3 s\u1ea3n ph\u1ea9m--->\n\n\t\t\t\t\t\t<\/div>\n\t<\/div>\n\t\t<\/div>\n<\/div><div class=\"product-small col has-hover product type-product post-11522 status-publish instock product_cat-implant-can-ban has-post-thumbnail shipping-taxable purchasable product-type-simple\">\n\t<div class=\"col-inner\">\n\t\n<div class=\"badge-container absolute left top z-1\">\n\n<\/div>\n\t<div class=\"product-small box \">\n\t\t<div class=\"box-image\">\n\t\t\t<div class=\"image-zoom\">\n\t\t\t\t<a href=\"https:\/\/ddd.vn\/implant\/phuc-hoi-rang-mat-bang-implant-nha-khoa-khoa-3\/\" aria-label=\"Ph\u1ee5c h\u1ed3i r\u0103ng m\u1ea5t b\u1eb1ng Implant nha khoa - Kh\u00f3a 3\">\n\t\t\t\t\t<img loading=\"lazy\" decoding=\"async\" width=\"247\" height=\"247\" src=\"https:\/\/ddd.vn\/implant\/wp-content\/uploads\/2025\/11\/banner-bskhoa-k2-247x247.jpg\" class=\"attachment-woocommerce_thumbnail size-woocommerce_thumbnail\" alt=\"Ph\u1ee5c h\u1ed3i r\u0103ng m\u1ea5t b\u1eb1ng Implant nha khoa - Kh\u00f3a 3\" srcset=\"https:\/\/ddd.vn\/implant\/wp-content\/uploads\/2025\/11\/banner-bskhoa-k2-247x247.jpg 247w, https:\/\/ddd.vn\/implant\/wp-content\/uploads\/2025\/11\/banner-bskhoa-k2-300x300.jpg 300w, https:\/\/ddd.vn\/implant\/wp-content\/uploads\/2025\/11\/banner-bskhoa-k2-1024x1024.jpg 1024w, https:\/\/ddd.vn\/implant\/wp-content\/uploads\/2025\/11\/banner-bskhoa-k2-150x150.jpg 150w, https:\/\/ddd.vn\/implant\/wp-content\/uploads\/2025\/11\/banner-bskhoa-k2-768x768.jpg 768w, https:\/\/ddd.vn\/implant\/wp-content\/uploads\/2025\/11\/banner-bskhoa-k2-120x120.jpg 120w, https:\/\/ddd.vn\/implant\/wp-content\/uploads\/2025\/11\/banner-bskhoa-k2-510x510.jpg 510w, https:\/\/ddd.vn\/implant\/wp-content\/uploads\/2025\/11\/banner-bskhoa-k2-100x100.jpg 100w, https:\/\/ddd.vn\/implant\/wp-content\/uploads\/2025\/11\/banner-bskhoa-k2-50x50.jpg 50w, https:\/\/ddd.vn\/implant\/wp-content\/uploads\/2025\/11\/banner-bskhoa-k2.jpg 1500w\" sizes=\"auto, (max-width: 247px) 100vw, 247px\" \/>\t\t\t\t<\/a>\n\t\t\t<\/div>\n\t\t\t<div class=\"image-tools is-small top right show-on-hover\">\n\t\t\t\t\t\t\t<\/div>\n\t\t\t<div class=\"image-tools is-small hide-for-small bottom left show-on-hover\">\n             <div class=\"sp_km\"> \n\t\t\t\t\t                   <\/div>  <!-- K\u1ebf th\u00fac th\u00f4ng tin m\u00f4 t\u1ea3 s\u1ea3n ph\u1ea9m--->\n\t\t\t\t\t\t\t<\/div>\n\t\t\t<div class=\"image-tools grid-tools text-center hide-for-small bottom hover-slide-in show-on-hover\">\n\t\t\t\t<a href=\"\/implant\/wp-json\/wp\/v2\/pages\/2?add-to-cart=11522\" aria-describedby=\"woocommerce_loop_add_to_cart_link_describedby_11522\" data-quantity=\"1\" class=\"add-to-cart-grid no-padding is-transparent product_type_simple add_to_cart_button ajax_add_to_cart\" data-product_id=\"11522\" data-product_sku=\"\" aria-label=\"Th\u00eam v\u00e0o gi\u1ecf h\u00e0ng: &ldquo;Ph\u1ee5c h\u1ed3i r\u0103ng m\u1ea5t b\u1eb1ng Implant nha khoa - Kh\u00f3a 3&rdquo;\" rel=\"nofollow\" data-success_message=\"&ldquo;Ph\u1ee5c h\u1ed3i r\u0103ng m\u1ea5t b\u1eb1ng Implant nha khoa - Kh\u00f3a 3&rdquo; \u0111\u00e3 \u0111\u01b0\u1ee3c th\u00eam v\u00e0o gi\u1ecf h\u00e0ng c\u1ee7a b\u1ea1n\" role=\"button\"><div class=\"cart-icon tooltip is-small\" title=\"Th\u00eam v\u00e0o gi\u1ecf h\u00e0ng\"><strong>+<\/strong><\/div><\/a>\t<span id=\"woocommerce_loop_add_to_cart_link_describedby_11522\" class=\"screen-reader-text\">\n\t\t\t<\/span>\n\t\t\t<\/div>\n\t\t\t\t\t<\/div>\n\n\t\t<div class=\"box-text box-text-products\">\n\t\t\t<div class=\"title-wrapper\"><p class=\"name product-title woocommerce-loop-product__title\"><a href=\"https:\/\/ddd.vn\/implant\/phuc-hoi-rang-mat-bang-implant-nha-khoa-khoa-3\/\" class=\"woocommerce-LoopProduct-link woocommerce-loop-product__link\">Ph\u1ee5c h\u1ed3i r\u0103ng m\u1ea5t b\u1eb1ng Implant nha khoa &#8211; Kh\u00f3a 3<\/a><\/p><\/div>                <p class=\"ten_gv\">ThS.BS CKII. Nguy\u1ec5n V\u0103n Khoa<\/p>\t\t\t\t<div class=\"price-wrapper\"><div class=\"price_km\">\n\t<span class=\"price\"><span class=\"woocommerce-Price-amount amount\"><bdi>500.000&nbsp;<span class=\"woocommerce-Price-currencySymbol\">&#8363;<\/span><\/bdi><\/span><\/span>\n<\/div><div class=\"bt_muahang\">                \t<!--<a href=\"https:\/\/ddd.vn\/implant\/phuc-hoi-rang-mat-bang-implant-nha-khoa-khoa-3\/\" aria-label=\"Ph\u1ee5c h\u1ed3i r\u0103ng m\u1ea5t b\u1eb1ng Implant nha khoa - Kh\u00f3a 3\">Mua ngay<\/a>-->\n\t\t\t\t<\/div><\/div>\t\t\t\t<div class=\"mt_sp\">\n                <table> \n\t\t\t\t\t\t\t\t\t\t\t\t<tr><td class=\"time_gd\">27\/11\/2025<\/td>\n                         \t\t\t\t\t\t\t<td  class=\"time_tgh\">08:00 - 16:30<\/td><\/tr>\n                                             <\/table>\n                   <\/div>  <!-- K\u1ebf th\u00fac th\u00f4ng tin m\u00f4 t\u1ea3 s\u1ea3n ph\u1ea9m--->\n\n\t\t\t\t\t\t<\/div>\n\t<\/div>\n\t\t<\/div>\n<\/div><div class=\"product-small col has-hover product type-product post-11501 status-publish last instock product_cat-implant-can-ban has-post-thumbnail shipping-taxable purchasable product-type-simple\">\n\t<div class=\"col-inner\">\n\t\n<div class=\"badge-container absolute left top z-1\">\n\n<\/div>\n\t<div class=\"product-small box \">\n\t\t<div class=\"box-image\">\n\t\t\t<div class=\"image-zoom\">\n\t\t\t\t<a href=\"https:\/\/ddd.vn\/implant\/phuc-hoi-rang-mat-bang-implant-nha-khoa-khoa-2\/\" aria-label=\"Ph\u1ee5c h\u1ed3i r\u0103ng m\u1ea5t b\u1eb1ng Implant nha khoa - Kh\u00f3a 2\">\n\t\t\t\t\t<img loading=\"lazy\" decoding=\"async\" width=\"247\" height=\"247\" src=\"https:\/\/ddd.vn\/implant\/wp-content\/uploads\/2025\/11\/banner-bskhoa-k2-247x247.jpg\" class=\"attachment-woocommerce_thumbnail size-woocommerce_thumbnail\" alt=\"Ph\u1ee5c h\u1ed3i r\u0103ng m\u1ea5t b\u1eb1ng Implant nha khoa - Kh\u00f3a 2\" srcset=\"https:\/\/ddd.vn\/implant\/wp-content\/uploads\/2025\/11\/banner-bskhoa-k2-247x247.jpg 247w, https:\/\/ddd.vn\/implant\/wp-content\/uploads\/2025\/11\/banner-bskhoa-k2-300x300.jpg 300w, https:\/\/ddd.vn\/implant\/wp-content\/uploads\/2025\/11\/banner-bskhoa-k2-1024x1024.jpg 1024w, https:\/\/ddd.vn\/implant\/wp-content\/uploads\/2025\/11\/banner-bskhoa-k2-150x150.jpg 150w, https:\/\/ddd.vn\/implant\/wp-content\/uploads\/2025\/11\/banner-bskhoa-k2-768x768.jpg 768w, https:\/\/ddd.vn\/implant\/wp-content\/uploads\/2025\/11\/banner-bskhoa-k2-120x120.jpg 120w, https:\/\/ddd.vn\/implant\/wp-content\/uploads\/2025\/11\/banner-bskhoa-k2-510x510.jpg 510w, https:\/\/ddd.vn\/implant\/wp-content\/uploads\/2025\/11\/banner-bskhoa-k2-100x100.jpg 100w, https:\/\/ddd.vn\/implant\/wp-content\/uploads\/2025\/11\/banner-bskhoa-k2-50x50.jpg 50w, https:\/\/ddd.vn\/implant\/wp-content\/uploads\/2025\/11\/banner-bskhoa-k2.jpg 1500w\" sizes=\"auto, (max-width: 247px) 100vw, 247px\" \/>\t\t\t\t<\/a>\n\t\t\t<\/div>\n\t\t\t<div class=\"image-tools is-small top right show-on-hover\">\n\t\t\t\t\t\t\t<\/div>\n\t\t\t<div class=\"image-tools is-small hide-for-small bottom left show-on-hover\">\n             <div class=\"sp_km\"> \n\t\t\t\t\t                   <\/div>  <!-- K\u1ebf th\u00fac th\u00f4ng tin m\u00f4 t\u1ea3 s\u1ea3n ph\u1ea9m--->\n\t\t\t\t\t\t\t<\/div>\n\t\t\t<div class=\"image-tools grid-tools text-center hide-for-small bottom hover-slide-in show-on-hover\">\n\t\t\t\t<a href=\"\/implant\/wp-json\/wp\/v2\/pages\/2?add-to-cart=11501\" aria-describedby=\"woocommerce_loop_add_to_cart_link_describedby_11501\" data-quantity=\"1\" class=\"add-to-cart-grid no-padding is-transparent product_type_simple add_to_cart_button ajax_add_to_cart\" data-product_id=\"11501\" data-product_sku=\"\" aria-label=\"Th\u00eam v\u00e0o gi\u1ecf h\u00e0ng: &ldquo;Ph\u1ee5c h\u1ed3i r\u0103ng m\u1ea5t b\u1eb1ng Implant nha khoa - Kh\u00f3a 2&rdquo;\" rel=\"nofollow\" data-success_message=\"&ldquo;Ph\u1ee5c h\u1ed3i r\u0103ng m\u1ea5t b\u1eb1ng Implant nha khoa - Kh\u00f3a 2&rdquo; \u0111\u00e3 \u0111\u01b0\u1ee3c th\u00eam v\u00e0o gi\u1ecf h\u00e0ng c\u1ee7a b\u1ea1n\" role=\"button\"><div class=\"cart-icon tooltip is-small\" title=\"Th\u00eam v\u00e0o gi\u1ecf h\u00e0ng\"><strong>+<\/strong><\/div><\/a>\t<span id=\"woocommerce_loop_add_to_cart_link_describedby_11501\" class=\"screen-reader-text\">\n\t\t\t<\/span>\n\t\t\t<\/div>\n\t\t\t\t\t<\/div>\n\n\t\t<div class=\"box-text box-text-products\">\n\t\t\t<div class=\"title-wrapper\"><p class=\"name product-title woocommerce-loop-product__title\"><a href=\"https:\/\/ddd.vn\/implant\/phuc-hoi-rang-mat-bang-implant-nha-khoa-khoa-2\/\" class=\"woocommerce-LoopProduct-link woocommerce-loop-product__link\">Ph\u1ee5c h\u1ed3i r\u0103ng m\u1ea5t b\u1eb1ng Implant nha khoa &#8211; Kh\u00f3a 2<\/a><\/p><\/div>                <p class=\"ten_gv\">ThS.BS CKII. Nguy\u1ec5n V\u0103n Khoa<\/p>\t\t\t\t<div class=\"price-wrapper\"><div class=\"price_km\">\n\t<span class=\"price\"><span class=\"woocommerce-Price-amount amount\"><bdi>500.000&nbsp;<span class=\"woocommerce-Price-currencySymbol\">&#8363;<\/span><\/bdi><\/span><\/span>\n<\/div><div class=\"bt_muahang\">                \t<!--<a href=\"https:\/\/ddd.vn\/implant\/phuc-hoi-rang-mat-bang-implant-nha-khoa-khoa-2\/\" aria-label=\"Ph\u1ee5c h\u1ed3i r\u0103ng m\u1ea5t b\u1eb1ng Implant nha khoa - Kh\u00f3a 2\">Mua ngay<\/a>-->\n\t\t\t\t<\/div><\/div>\t\t\t\t<div class=\"mt_sp\">\n                <table> \n\t\t\t\t\t\t\t\t\t\t\t\t<tr><td class=\"time_gd\">27\/11\/2025<\/td>\n                         \t\t\t\t\t\t\t<td  class=\"time_tgh\">08:00 - 16:30<\/td><\/tr>\n                                             <\/table>\n                   <\/div>  <!-- K\u1ebf th\u00fac th\u00f4ng tin m\u00f4 t\u1ea3 s\u1ea3n ph\u1ea9m--->\n\n\t\t\t\t\t\t<\/div>\n\t<\/div>\n\t\t<\/div>\n<\/div><\/div>\n\n\t\t<div class=\"tabbed-content tab_products_home hidden\">\n\t\t\t<h4 class=\"uppercase text-left\">S\u1ea2N PH\u1ea8M N\u1ed4I B\u1eacT<\/h4>\n\t\t\t<ul class=\"nav nav-line nav-normal nav-size-normal nav-left\" role=\"tablist\"><li id=\"tab-v\u1eadt-li\u1ec7u-ti\u00eau-hao\" class=\"tab active has-icon\" role=\"presentation\"><a href=\"#tab_v\u1eadt-li\u1ec7u-ti\u00eau-hao\" role=\"tab\" aria-selected=\"true\" aria-controls=\"tab_v\u1eadt-li\u1ec7u-ti\u00eau-hao\"><span>V\u1eadt li\u1ec7u ti\u00eau hao<\/span><\/a><\/li>\n<li id=\"tab-v\u1eadt-li\u1ec7u-l\u00e2u-b\u1ec1n\" class=\"tab has-icon\" role=\"presentation\"><a href=\"#tab_v\u1eadt-li\u1ec7u-l\u00e2u-b\u1ec1n\" tabindex=\"-1\" role=\"tab\" aria-selected=\"false\" aria-controls=\"tab_v\u1eadt-li\u1ec7u-l\u00e2u-b\u1ec1n\"><span>V\u1eadt li\u1ec7u l\u00e2u b\u1ec1n<\/span><\/a><\/li>\n<li id=\"tab-thi\u1ebft-b\u1ecb-nha-khoa\" class=\"tab has-icon\" role=\"presentation\"><a href=\"#tab_thi\u1ebft-b\u1ecb-nha-khoa\" tabindex=\"-1\" role=\"tab\" aria-selected=\"false\" aria-controls=\"tab_thi\u1ebft-b\u1ecb-nha-khoa\"><span>Thi\u1ebft b\u1ecb nha khoa<\/span><\/a><\/li><\/ul><div class=\"tab-panels\"><div id=\"tab_v\u1eadt-li\u1ec7u-ti\u00eau-hao\" class=\"panel active entry-content\" role=\"tabpanel\" aria-labelledby=\"tab-v\u1eadt-li\u1ec7u-ti\u00eau-hao\">\n<\/div>\n<div id=\"tab_v\u1eadt-li\u1ec7u-l\u00e2u-b\u1ec1n\" class=\"panel entry-content\" role=\"tabpanel\" aria-labelledby=\"tab-v\u1eadt-li\u1ec7u-l\u00e2u-b\u1ec1n\">\n\t\n  \n    <div class=\"row large-columns-5 medium-columns-3 small-columns-2 row-small\" >\n  <\/div>\n<\/div>\n<div id=\"tab_thi\u1ebft-b\u1ecb-nha-khoa\" class=\"panel entry-content\" role=\"tabpanel\" aria-labelledby=\"tab-thi\u1ebft-b\u1ecb-nha-khoa\">\n\t\n  \n    <div class=\"row large-columns-5 medium-columns-3 small-columns-2 row-small\" >\n  <\/div>\n<\/div><\/div><\/div>\n\t\t<\/div>\n\t\t\t\t\t<\/div>\n\n\t\n<\/div>\n\t\t<\/div>\n\n\t\t\n<style>\n#section_1190050719 {\n  padding-top: 30px;\n  padding-bottom: 30px;\n  background-color: rgb(248, 248, 248);\n}\n<\/style>\n\t<\/section>\n\t\n\n\n","protected":false},"excerpt":{"rendered":"","protected":false},"author":1,"featured_media":0,"parent":0,"menu_order":0,"comment_status":"closed","ping_status":"open","template":"page-blank.php","meta":{"_acf_changed":false,"footnotes":""},"class_list":["post-2","page","type-page","status-publish","hentry"],"acf":[],"_links":{"self":[{"href":"https:\/\/ddd.vn\/implant\/wp-json\/wp\/v2\/pages\/2","targetHints":{"allow":["GET"]}}],"collection":[{"href":"https:\/\/ddd.vn\/implant\/wp-json\/wp\/v2\/pages"}],"about":[{"href":"https:\/\/ddd.vn\/implant\/wp-json\/wp\/v2\/types\/page"}],"author":[{"embeddable":true,"href":"https:\/\/ddd.vn\/implant\/wp-json\/wp\/v2\/users\/1"}],"replies":[{"embeddable":true,"href":"https:\/\/ddd.vn\/implant\/wp-json\/wp\/v2\/comments?post=2"}],"version-history":[{"count":156,"href":"https:\/\/ddd.vn\/implant\/wp-json\/wp\/v2\/pages\/2\/revisions"}],"predecessor-version":[{"id":11528,"href":"https:\/\/ddd.vn\/implant\/wp-json\/wp\/v2\/pages\/2\/revisions\/11528"}],"wp:attachment":[{"href":"https:\/\/ddd.vn\/implant\/wp-json\/wp\/v2\/media?parent=2"}],"curies":[{"name":"wp","href":"https:\/\/api.w.org\/{rel}","templated":true}]}}