{"id":34,"date":"2024-07-29T03:50:50","date_gmt":"2024-07-29T03:50:50","guid":{"rendered":"https:\/\/ddd.vn\/implant\/?page_id=34"},"modified":"2025-06-02T01:47:05","modified_gmt":"2025-06-02T01:47:05","slug":"lien-he","status":"publish","type":"page","link":"https:\/\/ddd.vn\/implant\/lien-he\/","title":{"rendered":"Li\u00ean h\u1ec7"},"content":{"rendered":"\n  <div class=\"banner has-hover banner_nghiencuupt\" id=\"banner-857897989\">\n          <div class=\"banner-inner fill\">\n        <div class=\"banner-bg fill\" >\n            <div class=\"bg fill bg-fill \"><\/div>\n                                    \n                    <\/div>\n\t\t\n        <div class=\"banner-layers container\">\n            <div class=\"fill banner-link\"><\/div>            \n   <div id=\"text-box-193446786\" class=\"text-box banner-layer x50 md-x50 lg-x50 y50 md-y50 lg-y50 res-text\">\n                                <div class=\"text-box-content text dark\">\n              \n              <div class=\"text-inner text-center\">\n                  \n\t<div id=\"text-2375665398\" class=\"text h1_header_up\">\n\t\t\n<h1 class=\"uppercase\">Li\u00ean h\u1ec7<\/h1>\n\t\t\t<\/div>\n\t\n              <\/div>\n           <\/div>\n                            \n<style>\n#text-box-193446786 {\n  width: 100%;\n}\n#text-box-193446786 .text-box-content {\n  font-size: 100%;\n}\n<\/style>\n    <\/div>\n \n        <\/div>\n      <\/div>\n\n            \n<style>\n#banner-857897989 {\n  padding-top: 325px;\n}\n#banner-857897989 .bg.bg-loaded {\n  background-image: url(https:\/\/ddd.vn\/implant\/wp-content\/uploads\/2024\/07\/Background-9.png);\n}\n<\/style>\n  <\/div>\n\n\n\t<section class=\"section\" id=\"section_1273739329\">\n\t\t<div class=\"bg section-bg fill bg-fill  bg-loaded\" >\n\n\t\t\t\n\t\t\t\n\t\t\t\n\n\t\t<\/div>\n\n\t\t\n\n\t\t<div class=\"section-content relative\">\n\t\t\t\n<div class=\"row ttlh_page\"  id=\"row-452657117\">\n\n\t<div id=\"col-1923376677\" class=\"col left_lienhepage medium-6 small-6 large-6\"  data-animate=\"fadeInRight\">\n\t\t\t\t<div class=\"col-inner\"  >\n\t\t\t\n\t\t\t\n<h2>C\u00f4ng ty TNHH Y Nha Khoa 3D<\/h2>\n<h3>\u0110\u1ecba ch\u1ec9<\/h3>\n<p class=\"icon-addresslh\"><strong>Tr\u1ee5 s\u1edf ch\u00ednh:\u00a0<\/strong><\/p>\n<ul>\n<li class=\"ft_adress\">646J Nguy\u1ec5n Tr\u00e3i, Ph\u01b0\u1eddng 11, Qu\u1eadn 5, Tp.HCM<\/li>\n<li class=\"ft_hotline\"><a href=\"tel:038593399\">(+84 28) 3859 3399<\/a><\/li>\n<li class=\"ft_email\"><a href=\"mailto:cskh.3d@ddd.vn\">cskh.3d@ddd.vn<\/a><\/li>\n<\/ul>\n<p class=\"icon-addresslh\"><strong>Chi nh\u00e1nh H\u00e0 N\u1ed9i:\u00a0\u00a0\u00a0<\/strong><\/p>\n<ul>\n<li class=\"ft_adress\">S\u1ed1 6 ng\u00f5 183 Ho\u00e0ng V\u0103n Th\u00e1i, Kh\u01b0\u01a1ng Trung, Thanh Xu\u00e2n , Tp. H\u00e0 N\u1ed9i<\/li>\n<li class=\"ft_hotline\"><a href=\"tel:038593399\">(+84 28) 3859 3399<\/a><\/li>\n<\/ul>\n<p><strong>Chi nh\u00e1nh \u0110\u00e0 N\u1eb5ng:\u00a0\u00a0\u00a0<\/strong><\/p>\n<ul>\n<li class=\"ft_adress\">1749 Nguy\u1ec5n T\u1ea5t Th\u00e0nh, Thanh Kh\u00ea T\u00e2y, Tp. \u0110\u00e0 N\u1eb5ng<\/li>\n<li class=\"ft_hotline\"><a href=\"tel:032444078\">(+84 28) 3244 4078<\/a><\/li>\n<\/ul>\n<h3>K\u1ebft n\u1ed1i<\/h3>\n<p class=\"ketnoi_pagelh\"><a href=\"https:\/\/www.facebook.com\/3dvietnam\" target=\"_blank\" rel=\"noopener\"><img loading=\"lazy\" decoding=\"async\" class=\"alignnone wp-image-1821 size-full\" src=\"https:\/\/duockimbang.com\/wp-content\/uploads\/2024\/06\/fb_contact.png\" alt=\"\" width=\"36\" height=\"36\" \/><\/a> \u00a0<a href=\"https:\/\/zalo.me\/1689055715809713353\" target=\"_blank\" rel=\"noopener\"><img loading=\"lazy\" decoding=\"async\" class=\"alignnone size-full wp-image-1822\" src=\"https:\/\/duockimbang.com\/wp-content\/uploads\/2024\/06\/zalo_contact.png\" alt=\"\" width=\"36\" height=\"36\" \/><\/a> <a href=\"https:\/\/ddd.vn\/implant\/danh-sach-nha-khoa\/\" class=\"daily_lh\">H\u1ec6 TH\u1ed0NG \u0110\u1ea0I L\u00dd<\/a>\u00a0<\/p>\n<p><iframe loading=\"lazy\" style=\"border: 0;\" src=\"https:\/\/www.google.com\/maps\/embed?pb=!1m18!1m12!1m3!1d7839.612627591762!2d106.67293564616448!3d10.749405765007285!2m3!1f0!2f0!3f0!3m2!1i1024!2i768!4f13.1!3m3!1m2!1s0x31752efa0e68073d%3A0xef564d2adfdd874!2zNjQ2SiDEkC4gTmd1eeG7hW4gVHLDo2ksIFBoxrDhu51uZyAxMSwgUXXhuq1uIDUsIEjhu5MgQ2jDrSBNaW5oLCBWaeG7h3QgTmFt!5e0!3m2!1svi!2s!4v1722329289129!5m2!1svi!2s\" width=\"100%\" height=\"300\" allowfullscreen=\"allowfullscreen\"><\/iframe><\/p>\n\t\t<\/div>\n\t\t\t\t\t<\/div>\n\n\t\n\n\t<div id=\"col-1577722816\" class=\"col block_right_contact medium-6 small-6 large-6\"  data-animate=\"fadeInLeft\">\n\t\t\t\t<div class=\"col-inner\"  >\n\t\t\t\n\t\t\t\n<h3>G\u1eedi th\u00f4ng tin<\/h3>\n<h5>Vui l\u00f2ng \u0111i\u1ec1n th\u00f4ng tin v\u00e0 g\u1eedi cho ch\u00fang t\u00f4i.<br \/>\nCh\u00fang t\u00f4i s\u1ebd ph\u1ea3n h\u1ed3i trong v\u00f2ng 24 gi\u1edd.<\/h5>\n\n<div class=\"wpcf7 no-js\" id=\"wpcf7-f364-o1\" lang=\"vi\" dir=\"ltr\" data-wpcf7-id=\"364\">\n<div class=\"screen-reader-response\"><p role=\"status\" aria-live=\"polite\" aria-atomic=\"true\"><\/p> <ul><\/ul><\/div>\n<form action=\"\/implant\/wp-json\/wp\/v2\/pages\/34#wpcf7-f364-o1\" method=\"post\" class=\"wpcf7-form init\" aria-label=\"Form li\u00ean h\u1ec7\" novalidate=\"novalidate\" data-status=\"init\">\n<fieldset class=\"hidden-fields-container\"><input type=\"hidden\" name=\"_wpcf7\" value=\"364\" \/><input type=\"hidden\" name=\"_wpcf7_version\" value=\"6.1.3\" \/><input type=\"hidden\" name=\"_wpcf7_locale\" value=\"vi\" \/><input type=\"hidden\" name=\"_wpcf7_unit_tag\" value=\"wpcf7-f364-o1\" \/><input type=\"hidden\" name=\"_wpcf7_container_post\" value=\"0\" \/><input type=\"hidden\" name=\"_wpcf7_posted_data_hash\" value=\"\" \/>\n<\/fieldset>\n<p>H\u1ecd v\u00e0 t\u00ean<br \/>\n<span class=\"wpcf7-form-control-wrap\" data-name=\"hoten\"><input size=\"40\" maxlength=\"400\" class=\"wpcf7-form-control wpcf7-text wpcf7-validates-as-required\" aria-required=\"true\" aria-invalid=\"false\" value=\"\" type=\"text\" name=\"hoten\" \/><\/span><br \/>\nS\u1ed1 \u0111i\u1ec7n tho\u1ea1i<br \/>\n<span class=\"wpcf7-form-control-wrap\" data-name=\"phone\"><input size=\"40\" maxlength=\"400\" class=\"wpcf7-form-control wpcf7-tel wpcf7-validates-as-required wpcf7-text wpcf7-validates-as-tel\" aria-required=\"true\" aria-invalid=\"false\" value=\"\" type=\"tel\" name=\"phone\" \/><\/span><br \/>\nEmail<br \/>\n<span class=\"wpcf7-form-control-wrap\" data-name=\"email\"><input size=\"40\" maxlength=\"400\" class=\"wpcf7-form-control wpcf7-email wpcf7-text wpcf7-validates-as-email\" aria-invalid=\"false\" value=\"\" type=\"email\" name=\"email\" \/><\/span><br \/>\nY\u00eau c\u1ea7u c\u1ee7a b\u1ea1n<br \/>\n<span class=\"wpcf7-form-control-wrap\" data-name=\"nhucau\"><textarea cols=\"40\" rows=\"10\" maxlength=\"2000\" class=\"wpcf7-form-control wpcf7-textarea\" aria-invalid=\"false\" name=\"nhucau\"><\/textarea><\/span><br \/>\n<input class=\"wpcf7-form-control wpcf7-submit has-spinner\" type=\"submit\" value=\"G\u1eedi\" \/>\n<\/p><p style=\"display: none !important;\" class=\"akismet-fields-container\" data-prefix=\"_wpcf7_ak_\"><label>&#916;<textarea name=\"_wpcf7_ak_hp_textarea\" cols=\"45\" rows=\"8\" maxlength=\"100\"><\/textarea><\/label><input type=\"hidden\" id=\"ak_js_1\" name=\"_wpcf7_ak_js\" value=\"87\"\/><script>document.getElementById( \"ak_js_1\" ).setAttribute( \"value\", ( new Date() ).getTime() );<\/script><\/p><input type='hidden' class='wpcf7-pum' value='{\"closepopup\":false,\"closedelay\":0,\"openpopup\":false,\"openpopup_id\":0}' \/><div class=\"wpcf7-response-output\" aria-hidden=\"true\"><\/div>\n<\/form>\n<\/div>\n\n<p>*Th\u00f4ng tin c\u1ee7a qu\u00fd kh\u00e1ch s\u1ebd \u0111\u01b0\u1ee3c b\u1ea3o m\u1eadt<\/p>\n\t<div id=\"text-1332799337\" class=\"text block_contact_footer\">\n\t\t\n<ul>\n<li>Ph\u1ea3n h\u1ed3i nhanh ch\u00f3ng<\/li>\n<li>Cam k\u1ebft ch\u1ea5t l\u01b0\u1ee3ng<\/li>\n<li>S\u1eb5n s\u00e0ng s\u1ea3n xu\u1ea5t s\u1ed1 l\u01b0\u1ee3ng t\u1eeb NH\u1ece \u0111\u1ebfn L\u1edaN<\/li>\n<li>D\u1ecbch v\u1ee5 linh ho\u1ea1t, chuy\u00ean nghi\u1ec7p<\/li>\n<\/ul>\n\t\t\t<\/div>\n\t\n\t\t<\/div>\n\t\t\t\t\t<\/div>\n\n\t\n<\/div>\n\t\t<\/div>\n\n\t\t\n<style>\n#section_1273739329 {\n  padding-top: 30px;\n  padding-bottom: 30px;\n}\n<\/style>\n\t<\/section>\n\t\n","protected":false},"excerpt":{"rendered":"","protected":false},"author":1,"featured_media":0,"parent":0,"menu_order":0,"comment_status":"closed","ping_status":"closed","template":"page-blank.php","meta":{"_acf_changed":false,"footnotes":""},"class_list":["post-34","page","type-page","status-publish","hentry"],"acf":[],"_links":{"self":[{"href":"https:\/\/ddd.vn\/implant\/wp-json\/wp\/v2\/pages\/34","targetHints":{"allow":["GET"]}}],"collection":[{"href":"https:\/\/ddd.vn\/implant\/wp-json\/wp\/v2\/pages"}],"about":[{"href":"https:\/\/ddd.vn\/implant\/wp-json\/wp\/v2\/types\/page"}],"author":[{"embeddable":true,"href":"https:\/\/ddd.vn\/implant\/wp-json\/wp\/v2\/users\/1"}],"replies":[{"embeddable":true,"href":"https:\/\/ddd.vn\/implant\/wp-json\/wp\/v2\/comments?post=34"}],"version-history":[{"count":12,"href":"https:\/\/ddd.vn\/implant\/wp-json\/wp\/v2\/pages\/34\/revisions"}],"predecessor-version":[{"id":11468,"href":"https:\/\/ddd.vn\/implant\/wp-json\/wp\/v2\/pages\/34\/revisions\/11468"}],"wp:attachment":[{"href":"https:\/\/ddd.vn\/implant\/wp-json\/wp\/v2\/media?parent=34"}],"curies":[{"name":"wp","href":"https:\/\/api.w.org\/{rel}","templated":true}]}}