{"id":11522,"date":"2025-11-24T08:27:38","date_gmt":"2025-11-24T08:27:38","guid":{"rendered":"https:\/\/ddd.vn\/implant\/?post_type=product&#038;p=11522"},"modified":"2025-11-24T08:27:47","modified_gmt":"2025-11-24T08:27:47","slug":"phuc-hoi-rang-mat-bang-implant-nha-khoa-khoa-3","status":"publish","type":"product","link":"https:\/\/ddd.vn\/implant\/phuc-hoi-rang-mat-bang-implant-nha-khoa-khoa-3\/","title":{"rendered":"Ph\u1ee5c h\u1ed3i r\u0103ng m\u1ea5t b\u1eb1ng Implant nha khoa &#8211; Kh\u00f3a 3"},"content":{"rendered":"","protected":false},"excerpt":{"rendered":"<p>Workshop \u201cPh\u1ee5c h\u1ed3i r\u0103ng m\u1ea5t b\u1eb1ng Implant nha khoa. T\u00e1i sinh x\u01b0\u01a1ng c\u00f3 h\u01b0\u1edbng d\u1eabn (GBR): t\u1eeb l\u1ef1a ch\u1ecdn v\u1eadt li\u1ec7u \u0111\u1ebfn k\u1ef9 thu\u1eadt th\u1ef1c hi\u1ec7n\u201d mang \u0111\u1ebfn cho c\u00e1c b\u00e1c s\u0129 g\u00f3c nh\u00ecn to\u00e0n di\u1ec7n v\u1ec1 h\u1ec7 th\u1ed1ng Implant MIS v\u00e0 c\u00e1c v\u1ea5n \u0111\u1ec1 th\u01b0\u1eddng g\u1eb7p trong l\u00e2m s\u00e0ng.<\/p>\n","protected":false},"featured_media":11502,"template":"","meta":{"_acf_changed":false},"product_brand":[],"product_cat":[953],"product_tag":[],"class_list":{"0":"post-11522","1":"product","2":"type-product","3":"status-publish","4":"has-post-thumbnail","6":"product_cat-implant-can-ban","8":"first","9":"instock","10":"shipping-taxable","11":"purchasable","12":"product-type-simple"},"acf":[],"_links":{"self":[{"href":"https:\/\/ddd.vn\/implant\/wp-json\/wp\/v2\/product\/11522","targetHints":{"allow":["GET"]}}],"collection":[{"href":"https:\/\/ddd.vn\/implant\/wp-json\/wp\/v2\/product"}],"about":[{"href":"https:\/\/ddd.vn\/implant\/wp-json\/wp\/v2\/types\/product"}],"wp:featuredmedia":[{"embeddable":true,"href":"https:\/\/ddd.vn\/implant\/wp-json\/wp\/v2\/media\/11502"}],"wp:attachment":[{"href":"https:\/\/ddd.vn\/implant\/wp-json\/wp\/v2\/media?parent=11522"}],"wp:term":[{"taxonomy":"product_brand","embeddable":true,"href":"https:\/\/ddd.vn\/implant\/wp-json\/wp\/v2\/product_brand?post=11522"},{"taxonomy":"product_cat","embeddable":true,"href":"https:\/\/ddd.vn\/implant\/wp-json\/wp\/v2\/product_cat?post=11522"},{"taxonomy":"product_tag","embeddable":true,"href":"https:\/\/ddd.vn\/implant\/wp-json\/wp\/v2\/product_tag?post=11522"}],"curies":[{"name":"wp","href":"https:\/\/api.w.org\/{rel}","templated":true}]}}